{"id":11680,"date":"2025-09-05T16:04:30","date_gmt":"2025-09-05T16:04:30","guid":{"rendered":"https:\/\/billsplitpro.com\/imprint\/"},"modified":"2026-05-04T09:39:51","modified_gmt":"2026-05-04T09:39:51","slug":"impressum","status":"publish","type":"page","link":"https:\/\/billsplitpro.com\/de\/impressum\/","title":{"rendered":"Impressum"},"content":{"rendered":"\t\t<div data-elementor-type=\"wp-page\" data-elementor-id=\"11680\" class=\"elementor elementor-11680 elementor-68\" data-elementor-post-type=\"page\">\n\t\t\t\t<div class=\"elementor-element elementor-element-38abaa0 e-flex e-con-boxed e-con e-parent\" data-id=\"38abaa0\" data-element_type=\"container\" data-e-type=\"container\">\n\t\t\t\t\t<div class=\"e-con-inner\">\n\t\t\t\t<div class=\"elementor-element elementor-element-f00b1d5 elementor-widget elementor-widget-button\" data-id=\"f00b1d5\" data-element_type=\"widget\" data-e-type=\"widget\" data-widget_type=\"button.default\">\n\t\t\t\t\t\t\t\t\t\t<a class=\"elementor-button elementor-button-link elementor-size-sm\" href=\"\/\">\n\t\t\t\t\t\t<span class=\"elementor-button-content-wrapper\">\n\t\t\t\t\t\t<span class=\"elementor-button-icon\">\n\t\t\t\t<svg aria-hidden=\"true\" class=\"e-font-icon-svg e-fas-arrow-left\" viewBox=\"0 0 448 512\" xmlns=\"http:\/\/www.w3.org\/2000\/svg\"><path d=\"M257.5 445.1l-22.2 22.2c-9.4 9.4-24.6 9.4-33.9 0L7 273c-9.4-9.4-9.4-24.6 0-33.9L201.4 44.7c9.4-9.4 24.6-9.4 33.9 0l22.2 22.2c9.5 9.5 9.3 25-.4 34.3L136.6 216H424c13.3 0 24 10.7 24 24v32c0 13.3-10.7 24-24 24H136.6l120.5 114.8c9.8 9.3 10 24.8.4 34.3z\"><\/path><\/svg>\t\t\t<\/span>\n\t\t\t\t\t\t\t\t\t<span class=\"elementor-button-text\">Zur\u00fcck zu Bill Split Pro<\/span>\n\t\t\t\t\t<\/span>\n\t\t\t\t\t<\/a>\n\t\t\t\t\t\t\t\t<\/div>\n\t\t\t\t<div class=\"elementor-element elementor-element-0e92558 elementor-position-inline-start elementor-mobile-position-inline-start elementor-view-default elementor-widget elementor-widget-icon-box\" data-id=\"0e92558\" data-element_type=\"widget\" data-e-type=\"widget\" data-widget_type=\"icon-box.default\">\n\t\t\t\t\t\t\t<div class=\"elementor-icon-box-wrapper\">\n\n\t\t\t\t\t\t<div class=\"elementor-icon-box-icon\">\n\t\t\t\t<span  class=\"elementor-icon\">\n\t\t\t\t<svg aria-hidden=\"true\" class=\"e-font-icon-svg e-fas-sticky-note\" viewBox=\"0 0 448 512\" xmlns=\"http:\/\/www.w3.org\/2000\/svg\"><path d=\"M312 320h136V56c0-13.3-10.7-24-24-24H24C10.7 32 0 42.7 0 56v400c0 13.3 10.7 24 24 24h264V344c0-13.2 10.8-24 24-24zm129 55l-98 98c-4.5 4.5-10.6 7-17 7h-6V352h128v6.1c0 6.3-2.5 12.4-7 16.9z\"><\/path><\/svg>\t\t\t\t<\/span>\n\t\t\t<\/div>\n\t\t\t\n\t\t\t\n\t\t<\/div>\n\t\t\t\t\t\t<\/div>\n\t\t\t\t\t<\/div>\n\t\t\t\t<\/div>\n\t\t<div class=\"elementor-element elementor-element-4041c82 e-flex e-con-boxed e-con e-parent\" data-id=\"4041c82\" data-element_type=\"container\" data-e-type=\"container\">\n\t\t\t\t\t<div class=\"e-con-inner\">\n\t\t<div class=\"elementor-element elementor-element-d6aa055 e-con-full e-flex e-con e-child\" data-id=\"d6aa055\" data-element_type=\"container\" data-e-type=\"container\">\n\t\t\t\t<div class=\"elementor-element elementor-element-2a2b7b7 elementor-widget elementor-widget-text-editor\" data-id=\"2a2b7b7\" data-element_type=\"widget\" data-e-type=\"widget\" data-widget_type=\"text-editor.default\">\n\t\t\t\t\t\t\t\t\t<h3>Informationen zum Unternehmen<\/h3><p><strong>Projekte 365, MB<\/strong><br \/>Registrierungsnummer: 305585920<br \/>Umsatzsteuer-Identifikationsnummer: LT100014586513<br \/>Anschrift: Labdari\u0173 g. 6A-18, LT-01120 Vilnius, Litauen<\/p><h3>Kontaktdaten<\/h3><p>E-Mail: hi@billsplitpro.com<br \/>Kontaktformular: <a href=\"https:\/\/billsplitpro.com\/de\/kontakt\/\">https:\/\/billsplitpro.com\/de\/kontakt\/<\/a><\/p><h3>Gesch\u00e4ftst\u00e4tigkeit<\/h3><p>Bill Split Pro entwickelt einen Online-Rechner zur Aufteilung gemeinsamer Ausgaben.<\/p><h3>Verantwortlich f\u00fcr den Inhalt<\/h3><p><strong>Projekte 365, MB<\/strong><\/p><h3>Haftungsausschluss<\/h3><p>Die auf dieser Website bereitgestellten Informationen dienen ausschlie\u00dflich allgemeinen Informationszwecken. Wir \u00fcbernehmen keine Gew\u00e4hr f\u00fcr die Vollst\u00e4ndigkeit, Richtigkeit oder Aktualit\u00e4t der Inhalte. Die auf Bill Split Pro verf\u00fcgbaren Tools und Inhalte stellen keine finanzielle, rechtliche oder steuerliche Beratung dar.<\/p><h3>Haftungsbeschr\u00e4nkung<\/h3><p><strong>Projekte 365, MB<\/strong> haftet nicht f\u00fcr direkte, indirekte, zuf\u00e4llige, Folge- oder Strafsch\u00e4den, die sich aus der Nutzung dieser Website oder ihrer Dienste ergeben. Alle Dienste werden &#8222;<strong>wie besehen<\/strong>&#8220; ohne jegliche Gew\u00e4hrleistung bereitgestellt.<\/p><p>Wir \u00fcbernehmen keine Verantwortung f\u00fcr die Inhalte externer Websites, auf die \u00fcber Bill Split Pro verwiesen wird, und machen uns die dort ge\u00e4u\u00dferten Ansichten nicht zu eigen.<\/p><p>Wir bem\u00fchen uns nach Kr\u00e4ften, die Verf\u00fcgbarkeit der Website aufrechtzuerhalten, \u00fcbernehmen jedoch keine Verantwortung f\u00fcr vor\u00fcbergehende Ausf\u00e4lle, die auf technische Probleme zur\u00fcckzuf\u00fchren sind, die au\u00dferhalb unserer Kontrolle liegen.<\/p><h3>Datenschutz<\/h3><p>Wir legen gro\u00dfen Wert auf den Schutz Ihrer Privatsph\u00e4re. Daten, die in die Rechner eingegeben werden, werden nach 7 Tagen Inaktivit\u00e4t automatisch gel\u00f6scht. Weitere Informationen zur Verarbeitung personenbezogener Daten finden Sie in unserer <a href=\"https:\/\/billsplitpro.com\/de\/datenschutzerklaerung\/\">Datenschutzerkl\u00e4rung<\/a>.<\/p><h3>Anwendbares Recht<\/h3><p>Dieses Impressum und alle rechtlichen Hinweise auf dieser Website unterliegen dem <strong>Recht der Republik Litauen<\/strong>.<\/p>\t\t\t\t\t\t\t\t<\/div>\n\t\t\t\t<div class=\"elementor-element elementor-element-620fc13 elementor-widget-divider--view-line elementor-widget elementor-widget-divider\" data-id=\"620fc13\" data-element_type=\"widget\" data-e-type=\"widget\" data-widget_type=\"divider.default\">\n\t\t\t\t\t\t\t<div class=\"elementor-divider\">\n\t\t\t<span class=\"elementor-divider-separator\">\n\t\t\t\t\t\t<\/span>\n\t\t<\/div>\n\t\t\t\t\t\t<\/div>\n\t\t\t\t<div class=\"elementor-element elementor-element-bb2349e elementor-widget elementor-widget-text-editor\" data-id=\"bb2349e\" data-element_type=\"widget\" data-e-type=\"widget\" data-widget_type=\"text-editor.default\">\n\t\t\t\t\t\t\t\t\t<div class=\"min-h-screen bg-gradient-to-br from-blue-50 via-white to-teal-50\"><div class=\"container mx-auto px-4 py-8 max-w-4xl\"><div class=\"bg-white rounded-2xl shadow-lg p-8\"><div class=\"mt-8 pt-8 border-t border-gray-200\"><p class=\"text-sm text-gray-500\">Zuletzt aktualisiert: 19.02.2026<\/p><\/div><\/div><\/div><\/div>\t\t\t\t\t\t\t\t<\/div>\n\t\t\t\t<\/div>\n\t\t\t\t\t<\/div>\n\t\t\t\t<\/div>\n\t\t\t\t<\/div>\n\t\t","protected":false},"excerpt":{"rendered":"<p>Zur\u00fcck zu Bill Split Pro Informationen zum Unternehmen Projekte 365, MBRegistrierungsnummer: 305585920Umsatzsteuer-Identifikationsnummer: LT100014586513Anschrift: Labdari\u0173 g. 6A-18, LT-01120 Vilnius, Litauen Kontaktdaten E-Mail: hi@billsplitpro.comKontaktformular: https:\/\/billsplitpro.com\/de\/kontakt\/ Gesch\u00e4ftst\u00e4tigkeit Bill Split Pro entwickelt einen Online-Rechner zur Aufteilung gemeinsamer Ausgaben. Verantwortlich f\u00fcr den Inhalt Projekte 365, MB Haftungsausschluss Die auf dieser Website bereitgestellten Informationen dienen ausschlie\u00dflich allgemeinen Informationszwecken. Wir \u00fcbernehmen keine [&hellip;]<\/p>\n","protected":false},"author":2,"featured_media":0,"parent":0,"menu_order":0,"comment_status":"closed","ping_status":"closed","template":"elementor_header_footer","meta":{"footnotes":""},"class_list":["post-11680","page","type-page","status-publish","hentry"],"yoast_head":"<title>Impressum - Bill Split Pro<\/title>\n<meta name=\"description\" content=\"Offizielles Impressum von Bill Split Pro mit Angaben zu Unternehmensregistrierung, Umsatzsteuer-Identifikationsnummer, Anschrift, Kontaktdaten, Haftungsausschluss, Datenschutz und anwendbarem Recht.\" \/>\n<meta name=\"robots\" content=\"index, follow, max-snippet:-1, max-image-preview:large, max-video-preview:-1\" \/>\n<link rel=\"canonical\" href=\"https:\/\/billsplitpro.com\/de\/impressum\/\" \/>\n<meta property=\"og:locale\" content=\"de_DE\" \/>\n<meta property=\"og:type\" content=\"article\" \/>\n<meta property=\"og:title\" content=\"Impressum - Bill Split Pro\" \/>\n<meta property=\"og:description\" content=\"Offizielles Impressum von Bill Split Pro mit Angaben zu Unternehmensregistrierung, Umsatzsteuer-Identifikationsnummer, Anschrift, Kontaktdaten, Haftungsausschluss, Datenschutz und anwendbarem Recht.\" \/>\n<meta property=\"og:url\" content=\"https:\/\/billsplitpro.com\/de\/impressum\/\" \/>\n<meta property=\"og:site_name\" content=\"Bill Split Pro\" \/>\n<meta property=\"article:publisher\" content=\"https:\/\/www.facebook.com\/billsplitpro\" \/>\n<meta property=\"article:modified_time\" content=\"2026-05-04T09:39:51+00:00\" \/>\n<meta property=\"og:image\" content=\"https:\/\/billsplitpro.com\/wp-content\/uploads\/2025\/11\/2000x2000-color.png\" \/>\n\t<meta property=\"og:image:width\" content=\"2000\" \/>\n\t<meta property=\"og:image:height\" content=\"2000\" \/>\n\t<meta property=\"og:image:type\" content=\"image\/png\" \/>\n<meta name=\"twitter:card\" content=\"summary_large_image\" \/>\n<meta name=\"twitter:site\" content=\"@billsplitpro\" \/>\n<meta name=\"twitter:label1\" content=\"Gesch\u00e4tzte Lesezeit\" \/>\n\t<meta name=\"twitter:data1\" content=\"1\u00a0Minute\" \/>\n<script type=\"application\/ld+json\" class=\"yoast-schema-graph\">{\"@context\":\"https:\\\/\\\/schema.org\",\"@graph\":[{\"@type\":\"WebPage\",\"@id\":\"https:\\\/\\\/billsplitpro.com\\\/de\\\/impressum\\\/\",\"url\":\"https:\\\/\\\/billsplitpro.com\\\/de\\\/impressum\\\/\",\"name\":\"Impressum - Bill Split Pro\",\"isPartOf\":{\"@id\":\"https:\\\/\\\/billsplitpro.com\\\/de\\\/#website\"},\"datePublished\":\"2025-09-05T16:04:30+00:00\",\"dateModified\":\"2026-05-04T09:39:51+00:00\",\"description\":\"Offizielles Impressum von Bill Split Pro mit Angaben zu Unternehmensregistrierung, Umsatzsteuer-Identifikationsnummer, Anschrift, Kontaktdaten, Haftungsausschluss, Datenschutz und anwendbarem Recht.\",\"breadcrumb\":{\"@id\":\"https:\\\/\\\/billsplitpro.com\\\/de\\\/impressum\\\/#breadcrumb\"},\"inLanguage\":\"de\",\"potentialAction\":[{\"@type\":\"ReadAction\",\"target\":[\"https:\\\/\\\/billsplitpro.com\\\/de\\\/impressum\\\/\"]}]},{\"@type\":\"BreadcrumbList\",\"@id\":\"https:\\\/\\\/billsplitpro.com\\\/de\\\/impressum\\\/#breadcrumb\",\"itemListElement\":[{\"@type\":\"ListItem\",\"position\":1,\"name\":\"Home\",\"item\":\"https:\\\/\\\/billsplitpro.com\\\/de\\\/\"},{\"@type\":\"ListItem\",\"position\":2,\"name\":\"Impressum\"}]},{\"@type\":\"WebSite\",\"@id\":\"https:\\\/\\\/billsplitpro.com\\\/de\\\/#website\",\"url\":\"https:\\\/\\\/billsplitpro.com\\\/de\\\/\",\"name\":\"Bill Split Pro\",\"description\":\"Free Online Bill Splitting Calculator\",\"publisher\":{\"@id\":\"https:\\\/\\\/billsplitpro.com\\\/de\\\/#organization\"},\"alternateName\":\"billsplitpro\",\"potentialAction\":[{\"@type\":\"SearchAction\",\"target\":{\"@type\":\"EntryPoint\",\"urlTemplate\":\"https:\\\/\\\/billsplitpro.com\\\/de\\\/?s={search_term_string}\"},\"query-input\":{\"@type\":\"PropertyValueSpecification\",\"valueRequired\":true,\"valueName\":\"search_term_string\"}}],\"inLanguage\":\"de\"},{\"@type\":\"Organization\",\"@id\":\"https:\\\/\\\/billsplitpro.com\\\/de\\\/#organization\",\"name\":\"Bill Split Pro\",\"alternateName\":\"billsplitpro\",\"url\":\"https:\\\/\\\/billsplitpro.com\\\/de\\\/\",\"logo\":{\"@type\":\"ImageObject\",\"inLanguage\":\"de\",\"@id\":\"https:\\\/\\\/billsplitpro.com\\\/de\\\/#\\\/schema\\\/logo\\\/image\\\/\",\"url\":\"https:\\\/\\\/billsplitpro.com\\\/wp-content\\\/uploads\\\/2025\\\/11\\\/2000x2000-color.png\",\"contentUrl\":\"https:\\\/\\\/billsplitpro.com\\\/wp-content\\\/uploads\\\/2025\\\/11\\\/2000x2000-color.png\",\"width\":2000,\"height\":2000,\"caption\":\"Bill Split Pro\"},\"image\":{\"@id\":\"https:\\\/\\\/billsplitpro.com\\\/de\\\/#\\\/schema\\\/logo\\\/image\\\/\"},\"sameAs\":[\"https:\\\/\\\/www.facebook.com\\\/billsplitpro\",\"https:\\\/\\\/x.com\\\/billsplitpro\",\"https:\\\/\\\/www.youtube.com\\\/@billsplitpro\",\"https:\\\/\\\/www.tiktok.com\\\/@billsplitpro\"]}]}<\/script>","yoast_head_json":{"title":"Impressum - Bill Split Pro","description":"Offizielles Impressum von Bill Split Pro mit Angaben zu Unternehmensregistrierung, Umsatzsteuer-Identifikationsnummer, Anschrift, Kontaktdaten, Haftungsausschluss, Datenschutz und anwendbarem Recht.","robots":{"index":"index","follow":"follow","max-snippet":"max-snippet:-1","max-image-preview":"max-image-preview:large","max-video-preview":"max-video-preview:-1"},"canonical":"https:\/\/billsplitpro.com\/de\/impressum\/","og_locale":"de_DE","og_type":"article","og_title":"Impressum - Bill Split Pro","og_description":"Offizielles Impressum von Bill Split Pro mit Angaben zu Unternehmensregistrierung, Umsatzsteuer-Identifikationsnummer, Anschrift, Kontaktdaten, Haftungsausschluss, Datenschutz und anwendbarem Recht.","og_url":"https:\/\/billsplitpro.com\/de\/impressum\/","og_site_name":"Bill Split Pro","article_publisher":"https:\/\/www.facebook.com\/billsplitpro","article_modified_time":"2026-05-04T09:39:51+00:00","og_image":[{"width":2000,"height":2000,"url":"https:\/\/billsplitpro.com\/wp-content\/uploads\/2025\/11\/2000x2000-color.png","type":"image\/png"}],"twitter_card":"summary_large_image","twitter_site":"@billsplitpro","twitter_misc":{"Gesch\u00e4tzte Lesezeit":"1\u00a0Minute"},"schema":{"@context":"https:\/\/schema.org","@graph":[{"@type":"WebPage","@id":"https:\/\/billsplitpro.com\/de\/impressum\/","url":"https:\/\/billsplitpro.com\/de\/impressum\/","name":"Impressum - Bill Split Pro","isPartOf":{"@id":"https:\/\/billsplitpro.com\/de\/#website"},"datePublished":"2025-09-05T16:04:30+00:00","dateModified":"2026-05-04T09:39:51+00:00","description":"Offizielles Impressum von Bill Split Pro mit Angaben zu Unternehmensregistrierung, Umsatzsteuer-Identifikationsnummer, Anschrift, Kontaktdaten, Haftungsausschluss, Datenschutz und anwendbarem Recht.","breadcrumb":{"@id":"https:\/\/billsplitpro.com\/de\/impressum\/#breadcrumb"},"inLanguage":"de","potentialAction":[{"@type":"ReadAction","target":["https:\/\/billsplitpro.com\/de\/impressum\/"]}]},{"@type":"BreadcrumbList","@id":"https:\/\/billsplitpro.com\/de\/impressum\/#breadcrumb","itemListElement":[{"@type":"ListItem","position":1,"name":"Home","item":"https:\/\/billsplitpro.com\/de\/"},{"@type":"ListItem","position":2,"name":"Impressum"}]},{"@type":"WebSite","@id":"https:\/\/billsplitpro.com\/de\/#website","url":"https:\/\/billsplitpro.com\/de\/","name":"Bill Split Pro","description":"Free Online Bill Splitting Calculator","publisher":{"@id":"https:\/\/billsplitpro.com\/de\/#organization"},"alternateName":"billsplitpro","potentialAction":[{"@type":"SearchAction","target":{"@type":"EntryPoint","urlTemplate":"https:\/\/billsplitpro.com\/de\/?s={search_term_string}"},"query-input":{"@type":"PropertyValueSpecification","valueRequired":true,"valueName":"search_term_string"}}],"inLanguage":"de"},{"@type":"Organization","@id":"https:\/\/billsplitpro.com\/de\/#organization","name":"Bill Split Pro","alternateName":"billsplitpro","url":"https:\/\/billsplitpro.com\/de\/","logo":{"@type":"ImageObject","inLanguage":"de","@id":"https:\/\/billsplitpro.com\/de\/#\/schema\/logo\/image\/","url":"https:\/\/billsplitpro.com\/wp-content\/uploads\/2025\/11\/2000x2000-color.png","contentUrl":"https:\/\/billsplitpro.com\/wp-content\/uploads\/2025\/11\/2000x2000-color.png","width":2000,"height":2000,"caption":"Bill Split Pro"},"image":{"@id":"https:\/\/billsplitpro.com\/de\/#\/schema\/logo\/image\/"},"sameAs":["https:\/\/www.facebook.com\/billsplitpro","https:\/\/x.com\/billsplitpro","https:\/\/www.youtube.com\/@billsplitpro","https:\/\/www.tiktok.com\/@billsplitpro"]}]}},"_links":{"self":[{"href":"https:\/\/billsplitpro.com\/de\/wp-json\/wp\/v2\/pages\/11680","targetHints":{"allow":["GET"]}}],"collection":[{"href":"https:\/\/billsplitpro.com\/de\/wp-json\/wp\/v2\/pages"}],"about":[{"href":"https:\/\/billsplitpro.com\/de\/wp-json\/wp\/v2\/types\/page"}],"author":[{"embeddable":true,"href":"https:\/\/billsplitpro.com\/de\/wp-json\/wp\/v2\/users\/2"}],"replies":[{"embeddable":true,"href":"https:\/\/billsplitpro.com\/de\/wp-json\/wp\/v2\/comments?post=11680"}],"version-history":[{"count":5,"href":"https:\/\/billsplitpro.com\/de\/wp-json\/wp\/v2\/pages\/11680\/revisions"}],"predecessor-version":[{"id":12730,"href":"https:\/\/billsplitpro.com\/de\/wp-json\/wp\/v2\/pages\/11680\/revisions\/12730"}],"wp:attachment":[{"href":"https:\/\/billsplitpro.com\/de\/wp-json\/wp\/v2\/media?parent=11680"}],"curies":[{"name":"wp","href":"https:\/\/api.w.org\/{rel}","templated":true}]}}